{"id":338,"date":"2017-02-13T11:57:06","date_gmt":"2017-02-13T09:57:06","guid":{"rendered":"http:\/\/coopali.net\/site\/?page_id=338"},"modified":"2018-02-24T15:25:51","modified_gmt":"2018-02-24T13:25:51","slug":"essaimage","status":"publish","type":"page","link":"http:\/\/coopali.net\/site\/?page_id=338","title":{"rendered":"Essaimage"},"content":{"rendered":"<p>Tout comme l&rsquo;<a href=\"http:\/\/www.lindependante.org\/\">Ind\u00e9pendante<\/a> nous a aid\u00e9s \u00e0 d\u00e9marrer, nous aidons au d\u00e9marrage d&rsquo;autres coop\u00e9ratives:<\/p>\n<p><strong>Nogent Sur Marne<\/strong><\/p>\n<p>La coop\u00e9rative de Nogent, C.A.B.A.S. nogentais (Coop\u00e9rative Alimentaire Bio Autog\u00e9r\u00e9e et Solidaire) est une vraie filleule de CoopAli. Nous sommes dans le m\u00eame esprit de CoopAli dans ses objectifs et dans son fonctionnement. D&rsquo;ailleurs, nous empruntons largement les \u00e9l\u00e9ments des r\u00e9flexions initiales et du retour d&rsquo;exp\u00e9rience de CoopAli pour b\u00e2tir notre coop\u00e9rative. Nous avons cr\u00e9\u00e9 le forum \u00e0 partir de l&rsquo;outil que CoopAli nous a donn\u00e9. Pour l&rsquo;instant, il sert en interne et l&rsquo;adresse est encore provisoire.<br \/>\nNous avons adapt\u00e9 le flyer de CoopAli pour nous faire conna\u00eetre, <a href=\"http:\/\/coopali.net\/site\/wp-content\/uploads\/2018\/02\/flyerCabas.jpg\">Flyer C.A.B.A.S. nogentais<\/a>.<br \/>\nNous travaillons actuellement sur les statuts et recherchons un local, de pr\u00e9f\u00e9rence gratuit ou de faible co\u00fbt.<br \/>\nActuellement, nous sommes 27 familles \u00e0 avoir manifest\u00e9 un int\u00e9r\u00eat.<\/p>\n<p><strong>Saint-Maur des Foss\u00e9s<\/strong><\/p>\n<p>Un groupe est en train de se constituer \u00e0 Saint-Maur. Pour prendre contact, envoyer un mail \u00e0 cette <a href=\"mailto:stmaur@coopali.net\">adresse<\/a><\/p>\n<p><strong>Dammartin sur Tigeaux (77)<\/strong><\/p>\n<p>Une pr\u00e9sentation de CoopAli a \u00e9t\u00e9 sur place fin janvier 2017<\/p>\n","protected":false},"excerpt":{"rendered":"<p>Tout comme l&rsquo;Ind\u00e9pendante nous a aid\u00e9s \u00e0 d\u00e9marrer, nous aidons au d\u00e9marrage d&rsquo;autres coop\u00e9ratives: Nogent Sur Marne La coop\u00e9rative de Nogent, C.A.B.A.S. nogentais (Coop\u00e9rative Alimentaire Bio Autog\u00e9r\u00e9e et Solidaire) est une vraie filleule de CoopAli. Nous sommes dans le m\u00eame<span class=\"ellipsis\">&hellip;<\/span><\/p>\n<div class=\"read-more\"><a href=\"http:\/\/coopali.net\/site\/?page_id=338\">Lire la suite &#8250;<\/a><\/div>\n<p><!-- end of .read-more --><\/p>\n","protected":false},"author":1,"featured_media":0,"parent":0,"menu_order":0,"comment_status":"closed","ping_status":"closed","template":"","meta":{"_links_to":"","_links_to_target":""},"_links":{"self":[{"href":"http:\/\/coopali.net\/site\/index.php?rest_route=\/wp\/v2\/pages\/338"}],"collection":[{"href":"http:\/\/coopali.net\/site\/index.php?rest_route=\/wp\/v2\/pages"}],"about":[{"href":"http:\/\/coopali.net\/site\/index.php?rest_route=\/wp\/v2\/types\/page"}],"author":[{"embeddable":true,"href":"http:\/\/coopali.net\/site\/index.php?rest_route=\/wp\/v2\/users\/1"}],"replies":[{"embeddable":true,"href":"http:\/\/coopali.net\/site\/index.php?rest_route=%2Fwp%2Fv2%2Fcomments&post=338"}],"version-history":[{"count":6,"href":"http:\/\/coopali.net\/site\/index.php?rest_route=\/wp\/v2\/pages\/338\/revisions"}],"predecessor-version":[{"id":370,"href":"http:\/\/coopali.net\/site\/index.php?rest_route=\/wp\/v2\/pages\/338\/revisions\/370"}],"wp:attachment":[{"href":"http:\/\/coopali.net\/site\/index.php?rest_route=%2Fwp%2Fv2%2Fmedia&parent=338"}],"curies":[{"name":"wp","href":"https:\/\/api.w.org\/{rel}","templated":true}]}}