{"id":37,"date":"2013-09-06T16:01:24","date_gmt":"2013-09-06T15:01:24","guid":{"rendered":"http:\/\/coopali.net\/site\/?page_id=37"},"modified":"2023-11-11T19:57:02","modified_gmt":"2023-11-11T17:57:02","slug":"accueil","status":"publish","type":"page","link":"http:\/\/coopali.net\/site\/","title":{"rendered":"Accueil"},"content":{"rendered":"<p><strong>Une \u00ab\u00a0coop\u00e9rative alimentaire\u00a0\u00bb est une \u00e9picerie autog\u00e9r\u00e9e fond\u00e9e sur le b\u00e9n\u00e9volat, ax\u00e9e sur l\u2019achat en circuit court de produits de qualit\u00e9 r\u00e9pondant \u00e0 des crit\u00e8res sociaux et environnementaux exigeants, et la revente de ces produits \u00e0 prix co\u00fbtant.<\/strong><\/p>\n<p>Membres de l\u2019Amap \u00ab les Paniers des Bordes \u00bb, nous sommes un groupe de personnes \u00e0 lancer la cr\u00e9ation d\u2019une coop\u00e9rative alimentaire car pour nous, cela repr\u00e9sente un pas de plus pour :<br \/>\n&#8211; soutenir l\u2019agriculture bio, paysanne et la plus locale possible,<br \/>\n&#8211; rendre les produits de qualit\u00e9 accessibles au plus grand nombre, y compris aux revenus modestes,<br \/>\n&#8211; sortir de la grande distribution, exp\u00e9rimenter et promouvoir un mode de distribution diff\u00e9rent, autog\u00e9r\u00e9, fait dans le respect d\u2019une \u00e9thique sociale (prise en compte des conditions de travail et des revenus des producteurs et de leurs employ\u00e9s) et \u00e9cologique (en termes de transport, emballages, etc\u2026),<br \/>\n&#8211; cr\u00e9er du lien social avec les producteurs mais aussi entre les usagers, par l\u2019organisation de moments r\u00e9guliers d\u2019\u00e9change et de partage.<\/p>\n<p>Autrement dit, il s\u2019agit de se r\u00e9approprier une consommation v\u00e9ritablement \u00ab\u00a0responsable\u00a0\u00bb, dans un cadre convivial et gratifiant.<\/p>\n<p><strong>Pour nous rejoindre et participer \u00e0 l\u2019aventure, en tant que consommateur, producteur, ou encore partenaire du projet, voyez sur ce site de quoi il s\u2019agit, o\u00f9 nous en sommes et <a href=\"mailto:contact[anti-spam]coopali.net?subject=Pour%20valider%20l'adresse%20mail,%20merci%20d'y%20remplacer%20[anti-spam]%20par%20un%20@%20!\">contactez-nous<\/a>\u00a0!<\/strong><strong>\u00a0<\/strong><\/p>\n<p><span style=\"color: #008000;\">Apr\u00e8s 4 ans et demi au Caf\u00e9 Le Belv\u00e9d\u00e8re, puis presqu&rsquo;un an \u00e0 une adresse provisoire au Plessis-Tr\u00e9vise, Coopali est install\u00e9e depuis janvier 2019 dans une salle qui lui est pr\u00eat\u00e9e par la mairie de Champigny ! Retrouvez-nous au 64 rue du Plessis-Tr\u00e9vise, les jeudis des semaines impaires, de 20h \u00e0 21h, et les samedis des\u00a0semaines paires, de 10h \u00e0 11h.<\/span><\/p>\n<p><span style=\"color: #008000;\"><strong>Actualit\u00e9<\/strong>\u00a0<strong> \u00ab\u00a0Mois de l&rsquo;ESS 2023\u00a0\u00bb :<br \/>\n<\/strong><\/span><strong>Nous vous invitons \u00e0 venir \u00e0 notre rencontre en ce mois de novembre :<br \/>\n<\/strong><strong>\u2022 Jeudi 23 Novembre, 18h30-21h<\/strong>, au LCR le Plessis (64 rue du Plessis-Tr\u00e9vise) \u00e0 Champigny, journ\u00e9e portes ouvertes de l\u2019\u00e9picerie conjointement avec l\u2019AMAP des Paniers des Bordes.<\/p>\n","protected":false},"excerpt":{"rendered":"<p>Une \u00ab\u00a0coop\u00e9rative alimentaire\u00a0\u00bb est une \u00e9picerie autog\u00e9r\u00e9e fond\u00e9e sur le b\u00e9n\u00e9volat, ax\u00e9e sur l\u2019achat en circuit court de produits de qualit\u00e9 r\u00e9pondant \u00e0 des crit\u00e8res sociaux et environnementaux exigeants, et la revente de ces produits \u00e0 prix co\u00fbtant. Membres de<span class=\"ellipsis\">&hellip;<\/span><\/p>\n<div class=\"read-more\"><a href=\"http:\/\/coopali.net\/site\/\">Lire la suite &#8250;<\/a><\/div>\n<p><!-- end of .read-more --><\/p>\n","protected":false},"author":1,"featured_media":0,"parent":0,"menu_order":0,"comment_status":"closed","ping_status":"closed","template":"full-width-page.php","meta":{"_links_to":"","_links_to_target":""},"_links":{"self":[{"href":"http:\/\/coopali.net\/site\/index.php?rest_route=\/wp\/v2\/pages\/37"}],"collection":[{"href":"http:\/\/coopali.net\/site\/index.php?rest_route=\/wp\/v2\/pages"}],"about":[{"href":"http:\/\/coopali.net\/site\/index.php?rest_route=\/wp\/v2\/types\/page"}],"author":[{"embeddable":true,"href":"http:\/\/coopali.net\/site\/index.php?rest_route=\/wp\/v2\/users\/1"}],"replies":[{"embeddable":true,"href":"http:\/\/coopali.net\/site\/index.php?rest_route=%2Fwp%2Fv2%2Fcomments&post=37"}],"version-history":[{"count":42,"href":"http:\/\/coopali.net\/site\/index.php?rest_route=\/wp\/v2\/pages\/37\/revisions"}],"predecessor-version":[{"id":441,"href":"http:\/\/coopali.net\/site\/index.php?rest_route=\/wp\/v2\/pages\/37\/revisions\/441"}],"wp:attachment":[{"href":"http:\/\/coopali.net\/site\/index.php?rest_route=%2Fwp%2Fv2%2Fmedia&parent=37"}],"curies":[{"name":"wp","href":"https:\/\/api.w.org\/{rel}","templated":true}]}}