{"id":74,"date":"2013-12-21T23:03:19","date_gmt":"2013-12-21T22:03:19","guid":{"rendered":"http:\/\/coopali.net\/site\/?page_id=74"},"modified":"2019-10-10T23:40:49","modified_gmt":"2019-10-10T21:40:49","slug":"histoire","status":"publish","type":"page","link":"http:\/\/coopali.net\/site\/?page_id=74","title":{"rendered":"Histoire"},"content":{"rendered":"<p>Depuis mai <strong>2012<\/strong>, nous avions des r\u00e9unions r\u00e9guli\u00e8res o\u00f9 nous \u00e9changions au sujet de la mise en place du projet (son fonctionnement, les produits, la communication\u2026).<\/p>\n<p>Nos recherches d\u2019un local ont abouti, d\u00e9but janvier <strong>2013<\/strong>, et c\u2019est le caf\u00e9\u00a0<strong>\u00ab\u00a0Le Belv\u00e9d\u00e8re\u00a0\u00bb<\/strong>, situ\u00e9 dans le quartier de C\u0153uilly \u00e0 Champigny-sur-Marne (dans une rue limitrophe de Villiers-sur-Marne) qui a accept\u00e9 de nous accueillir !<img title=\"Lire la suite\u2026\" src=\"http:\/\/coopali.net\/site\/wp-includes\/js\/tinymce\/plugins\/wordpress\/img\/trans.gif\" alt=\"\" \/><\/p>\n<p><a href=\"http:\/\/coopali.net\/site\/wp-content\/uploads\/2013\/08\/belvedere-300x225.gif\"><img loading=\"lazy\" src=\"http:\/\/coopali.net\/site\/wp-content\/uploads\/2013\/08\/belvedere-300x225.gif\" alt=\"belvedere-300x225\" width=\"300\" height=\"225\" \/><\/a><\/p>\n<p>Le samedi 23 mars, nous avons proc\u00e9d\u00e9 \u00e0 une commande group\u00e9e \u2013 aupr\u00e8s de trois producteurs locaux et de Terra Libra, un grossiste-importateur ayant une r\u00e9elle d\u00e9marche \u00e9quitable \u2013 et nous avons lanc\u00e9 des invitations \u00e0 tout notre entourage pour y participer. La \u00ab\u00a0distribution\u00a0\u00bb de ces produits a eu lieu au Belv\u00e9d\u00e8re, pr\u00e9c\u00e9d\u00e9e d\u2019une r\u00e9union d\u2019information o\u00f9 le \u00ab\u00a0pourquoi et le comment\u00a0\u00bb du projet ont \u00e9t\u00e9 bross\u00e9s dans les grandes lignes. Ce fut aussi l\u2019occasion de pr\u00e9senter les producteurs des produits command\u00e9s, et Thomas Burel, g\u00e9rant de Terra Libra, \u00e9tait des n\u00f4tres pour parler des pratiques et de la philosophie de sa soci\u00e9t\u00e9.<\/p>\n<p>Les participants \u00e9taient nombreux, et beaucoup de monde a confirm\u00e9 sa volont\u00e9 de rejoindre la coop\u00e9rative. Le groupe qui fondera et fera vivre la coop\u00e9rative, a pris forme !<\/p>\n<p>Le 6 avril, une r\u00e9union a eu lieu pour permettre \u00e0 ces personnes de faire connaissance et d\u2019aborder des questions concr\u00e8tes sur le fonctionnement. Trois groupes de travail se sont constitu\u00e9s \u2013 Logistique, Administratif et Informatique \u2013 et ont restitu\u00e9 leurs id\u00e9es et propositions lors de la r\u00e9union pl\u00e9ni\u00e8re suivante, le 16 mai. Il a \u00e9t\u00e9 notamment d\u00e9cid\u00e9 de mettre en place une seconde commande group\u00e9e dont la distribution a eu lieu le 15 juin, en m\u00eame temps que l\u2019Assembl\u00e9e g\u00e9n\u00e9rale constitutive de l\u2019association \u00ab\u00a0Coopali\u00a0\u00bb. \u00c0 cette date, Coopali est officiellement n\u00e9e !\u00a0Ses membres ont adopt\u00e9 un statut coll\u00e9gial : pas de Bureau, ni de pr\u00e9sident, mais des \u00ab\u00a0membres coll\u00e9giaux\u00a0\u00bb, d\u00e9sign\u00e9s par tirage au sort, qui partagent tous les m\u00eames responsabilit\u00e9s.<\/p>\n<p>L&rsquo;inauguration du local et de son fonctionnement \u00ab\u00a0normal\u00a0\u00bb a eu lieu fin septembre 2013. Au d\u00e9marrage, les pr\u00e9paratifs \u00e9taient nombreux : obligations administratives, bricolage pour installer le stock, mise en place d\u2019un site internet et autres outils informatiques, commandes de produits, etc.<\/p>\n<p>Depuis, Coopali ouvre ses portes un jeudi soir sur deux et chaque ouverture est suivie d&rsquo;une r\u00e9union au caf\u00e9 o\u00f9 ses membres discutent des produits, envisagent des commandes, des \u00e9v\u00e9nements, des f\u00eates&#8230; parlent aussi bien de principes \u00e9thiques que de logistique.<\/p>\n<p>En <strong>2014<\/strong>, un r\u00e8glement int\u00e9rieur a \u00e9t\u00e9 r\u00e9dig\u00e9 et valid\u00e9 lors de l&rsquo;Assembl\u00e9e g\u00e9n\u00e9rale en septembre. ce document, qui reste \u00e9volutif, pose les bases du fonctionnement de Coopali. Il est destin\u00e9 \u00e0 servir comme source d&rsquo;inspiration pour celles et ceux qui souhaiteraient cr\u00e9er d&rsquo;autres coop\u00e9ratives alimentaires. En effet, Coopali a fix\u00e9 la limite du nombre de ses membres \u00e0 60 foyers, pour que la gestion reste \u00e0 \u00ab\u00a0taille humaine\u00a0\u00bb, mais elle reste partante pour accompagner tout porteur de projet qui souhaiterait se lancer dans une aventure semblable !<\/p>\n<p>Suite \u00e0 un changement de direction au Caf\u00e9 Le Belv\u00e9d\u00e8re, Coopali a d\u00fb quitter son premier local en mai <strong>2018<\/strong>, et s&rsquo;est install\u00e9e dans une d\u00e9pendance situ\u00e9 dans le jardin d&rsquo;une de ses membres, au Plessis-Tr\u00e9vise. En janvier <strong>2019<\/strong>, elle a de nouveau d\u00e9m\u00e9nag\u00e9 pour occuper\u00a0une salle qui lui est pr\u00eat\u00e9e par la mairie de Champigny, situ\u00e9e au 64 rue du Plessis-Tr\u00e9vise. Ses ouvertures font suite d\u00e9sormais aux distributions de l&rsquo;Amap \u00ab\u00a0Les Paniers des Bordes\u00a0\u00bb, les jeudis des semaines impaires, de 20h \u00e0 21h30.<\/p>\n<p><span style=\"color: #000000;\">A partir du 19 octobre, Coopali double ses ouvertures en ouvrant aussi deux samedis par mois, de 10h \u00e0 11h, les semaines paires.<\/span><\/p>\n","protected":false},"excerpt":{"rendered":"<p>Depuis mai 2012, nous avions des r\u00e9unions r\u00e9guli\u00e8res o\u00f9 nous \u00e9changions au sujet de la mise en place du projet (son fonctionnement, les produits, la communication\u2026). Nos recherches d\u2019un local ont abouti, d\u00e9but janvier 2013, et c\u2019est le caf\u00e9\u00a0\u00ab\u00a0Le Belv\u00e9d\u00e8re\u00a0\u00bb,<span class=\"ellipsis\">&hellip;<\/span><\/p>\n<div class=\"read-more\"><a href=\"http:\/\/coopali.net\/site\/?page_id=74\">Lire la suite &#8250;<\/a><\/div>\n<p><!-- end of .read-more --><\/p>\n","protected":false},"author":1,"featured_media":0,"parent":0,"menu_order":0,"comment_status":"closed","ping_status":"open","template":"","meta":{"_links_to":"","_links_to_target":""},"_links":{"self":[{"href":"http:\/\/coopali.net\/site\/index.php?rest_route=\/wp\/v2\/pages\/74"}],"collection":[{"href":"http:\/\/coopali.net\/site\/index.php?rest_route=\/wp\/v2\/pages"}],"about":[{"href":"http:\/\/coopali.net\/site\/index.php?rest_route=\/wp\/v2\/types\/page"}],"author":[{"embeddable":true,"href":"http:\/\/coopali.net\/site\/index.php?rest_route=\/wp\/v2\/users\/1"}],"replies":[{"embeddable":true,"href":"http:\/\/coopali.net\/site\/index.php?rest_route=%2Fwp%2Fv2%2Fcomments&post=74"}],"version-history":[{"count":8,"href":"http:\/\/coopali.net\/site\/index.php?rest_route=\/wp\/v2\/pages\/74\/revisions"}],"predecessor-version":[{"id":411,"href":"http:\/\/coopali.net\/site\/index.php?rest_route=\/wp\/v2\/pages\/74\/revisions\/411"}],"wp:attachment":[{"href":"http:\/\/coopali.net\/site\/index.php?rest_route=%2Fwp%2Fv2%2Fmedia&parent=74"}],"curies":[{"name":"wp","href":"https:\/\/api.w.org\/{rel}","templated":true}]}}