{"id":8,"date":"2013-08-17T15:09:25","date_gmt":"2013-08-17T14:09:25","guid":{"rendered":"http:\/\/coopali.net\/site\/?page_id=8"},"modified":"2014-03-25T17:19:54","modified_gmt":"2014-03-25T16:19:54","slug":"fournisseurs","status":"publish","type":"page","link":"http:\/\/coopali.net\/site\/?page_id=8","title":{"rendered":"Nos fournisseurs"},"content":{"rendered":"<p><strong>La Ferme de Choisel\u00a0 <\/strong><\/p>\n<p>La Ferme de Choisel, situ\u00e9e \u00e0 Queudes (51), pratique l&rsquo;agriculture biologique depuis 1975 et produit des c\u00e9r\u00e9ales ( bl\u00e9, seigle, \u00e9peautre, avoine) du tournesol, des lentillons de Champagne et \u00e9l\u00e8ve des vaches allaitantes (croisement charolaises, normandes et blonde d&rsquo;aquitaine).<\/p>\n<p><a title=\"Site Officiel de la Ferme de Choisel\" href=\"http:\/\/devalance.pagesperso-orange.fr\/fermedevalance.htm\" target=\"_blank\">http:\/\/devalance.pagesperso-orange.fr\/fermedevalance.htm<\/a><\/p>\n<p>&nbsp;<\/p>\n<p><strong>Terra Libra<\/strong><\/p>\n<p>Penser le changement et agir ensemble pour donner naissance \u00e0 une autre \u00e9conomie, tourn\u00e9e vers l\u2019humain et son environnement, relocalis\u00e9e et \u00e0 taille humaine&#8230;\u00a0<strong>une \u00e9conomie \u00e9quitable\u00a0!!<\/strong><\/p>\n<p>Importateur et grossiste, c\u2019est au travers de ses \u00e9changes avec ses partenaires, d\u2019ici ou d\u2019ailleurs, de sa gamme de produits, entre commerce \u00e9quitable et bio-local, que Terra Libra souhaite agir sur le monde, et le transformer. Et toujours avec le plaisir du go\u00fbt, du travail artisanal, et des rencontres entre les hommes.<\/p>\n<p><a href=\"http:\/\/www.terralibra.fr\/\" target=\"_blank\">http:\/\/www.terralibra.fr\/<\/a><\/p>\n<p>&nbsp;<\/p>\n<p><strong>Le Liseron Marie<\/strong><\/p>\n<p>Situ\u00e9 dans l\u2019Yonne, dans le Pays de la Puisaye, \u00ab\u00a0Le Liseron Marie\u00a0\u00bb est une petite exploitation familiale enti\u00e8rement consacr\u00e9e \u00e0 la culture, la cueillette, et la transformation artisanale des plantes aromatiques et m\u00e9dicinales.<br \/>\nSes plantes et produits sont certifi\u00e9s en agriculture biologique\u00a0; la ferme est labellis\u00e9e \u00ab\u00a0Bio Coh\u00e9rence\u00a0\u00bb.<\/p>\n<p><a href=\"http:\/\/www.liseron-marie.com\/\" target=\"_blank\">http:\/\/www.liseron-marie.com<\/a><\/p>\n<p>&nbsp;<\/p>\n<style><!--\n\/* Font Definitions *\/\n@font-face\n\t{font-family:\"Times New Roman\";\n\tpanose-1:0 2 2 6 3 5 4 5 2 3;\n\tmso-font-charset:0;\n\tmso-generic-font-family:auto;\n\tmso-font-pitch:variable;\n\tmso-font-signature:50331648 0 0 0 1 0;}\n \/* Style Definitions *\/\np.MsoNormal, li.MsoNormal, div.MsoNormal\n\t{mso-style-parent:\"\";\n\tmargin:0cm;\n\tmargin-bottom:.0001pt;\n\tmso-pagination:widow-orphan;\n\tfont-size:12.0pt;\n\tfont-family:\"Times New Roman\";\n\tmso-fareast-language:EN-US;}\na:link, span.MsoHyperlink\n\t{color:blue;\n\ttext-decoration:underline;\n\ttext-underline:single;}\na:visited, span.MsoHyperlinkFollowed\n\t{color:purple;\n\ttext-decoration:underline;\n\ttext-underline:single;}\np\n\t{margin-right:0cm;\n\tmso-margin-top-alt:auto;\n\tmso-margin-bottom-alt:auto;\n\tmargin-left:0cm;\n\tmso-pagination:widow-orphan;\n\tfont-size:12.0pt;\n\tfont-family:\"Times New Roman\";}\ntable.MsoNormalTable\n\t{mso-style-parent:\"\";\n\tfont-size:10.0pt;\n\tfont-family:\"Times New Roman\";}\n@page Section1\n\t{size:612.0pt 792.0pt;\n\tmargin:70.85pt 70.85pt 70.85pt 70.85pt;\n\tmso-header-margin:36.0pt;\n\tmso-footer-margin:36.0pt;\n\tmso-paper-source:0;}\ndiv.Section1\n\t{page:Section1;}\n--><\/style>\n<p><b>L\u2019\u00celot Th\u00e9<\/b><\/p>\n<p>L&rsquo;\u00eelot Th\u00e9 propose des th\u00e9s de qualit\u00e9, natures et parfum\u00e9s, issus de l&rsquo;agriculture biologique. Tous les m\u00e9langes sont pr\u00e9par\u00e9s dans leur atelier situ\u00e9 \u00e0 Ploun\u00e9our-M\u00e9nez au c\u0153ur des Monts d&rsquo;Arr\u00e9e dans le Finist\u00e8re. Les fleurs et les plantes s\u00e8ches, parfum\u00e9es, sont principalement cultiv\u00e9es ou cueillies \u00e0 l\u2019\u00e9tat sauvage localement dans les Monts d\u2019Arr\u00e9e ou en France.<\/p>\n<p><a href=\"http:\/\/lilot-the.com\/\">http:\/\/lilot-the.com\/<\/a><\/p>\n<p>&nbsp;<\/p>\n<p><b>Le Moulin de Sebrevet<\/b><\/p>\n<p>Le Moulin de Sebrevet est le plus petit moulin de France. C\u2019est un moulin hydraulique qui s\u2019abreuve avec l\u2019eau du fleuve du Blavet dans le Morbihan. Parmi toute la gamme de farines propos\u00e9es par le Moulin, Coopali a s\u00e9lectionn\u00e9 la farine de Sarrazin pour compl\u00e9ter la gamme de farines de la Ferme de Choisel.<\/p>\n<p><a href=\"http:\/\/www.moulindesebrevet.com\/\">http:\/\/www.moulindesebrevet.com\/<\/a><\/p>\n","protected":false},"excerpt":{"rendered":"<p>La Ferme de Choisel\u00a0 La Ferme de Choisel, situ\u00e9e \u00e0 Queudes (51), pratique l&rsquo;agriculture biologique depuis 1975 et produit des c\u00e9r\u00e9ales ( bl\u00e9, seigle, \u00e9peautre, avoine) du tournesol, des lentillons de Champagne et \u00e9l\u00e8ve des vaches allaitantes (croisement charolaises, normandes<span class=\"ellipsis\">&hellip;<\/span><\/p>\n<div class=\"read-more\"><a href=\"http:\/\/coopali.net\/site\/?page_id=8\">Lire la suite &#8250;<\/a><\/div>\n<p><!-- end of .read-more --><\/p>\n","protected":false},"author":1,"featured_media":0,"parent":0,"menu_order":3,"comment_status":"closed","ping_status":"closed","template":"","meta":{"_links_to":"","_links_to_target":""},"_links":{"self":[{"href":"http:\/\/coopali.net\/site\/index.php?rest_route=\/wp\/v2\/pages\/8"}],"collection":[{"href":"http:\/\/coopali.net\/site\/index.php?rest_route=\/wp\/v2\/pages"}],"about":[{"href":"http:\/\/coopali.net\/site\/index.php?rest_route=\/wp\/v2\/types\/page"}],"author":[{"embeddable":true,"href":"http:\/\/coopali.net\/site\/index.php?rest_route=\/wp\/v2\/users\/1"}],"replies":[{"embeddable":true,"href":"http:\/\/coopali.net\/site\/index.php?rest_route=%2Fwp%2Fv2%2Fcomments&post=8"}],"version-history":[{"count":9,"href":"http:\/\/coopali.net\/site\/index.php?rest_route=\/wp\/v2\/pages\/8\/revisions"}],"predecessor-version":[{"id":129,"href":"http:\/\/coopali.net\/site\/index.php?rest_route=\/wp\/v2\/pages\/8\/revisions\/129"}],"wp:attachment":[{"href":"http:\/\/coopali.net\/site\/index.php?rest_route=%2Fwp%2Fv2%2Fmedia&parent=8"}],"curies":[{"name":"wp","href":"https:\/\/api.w.org\/{rel}","templated":true}]}}